{"id":2960,"date":"2025-01-15T12:24:07","date_gmt":"2025-01-15T12:24:07","guid":{"rendered":"https:\/\/kamp-triglav.si\/okolica\/trenta\/"},"modified":"2025-01-31T10:16:35","modified_gmt":"2025-01-31T10:16:35","slug":"trenta","status":"publish","type":"page","link":"https:\/\/kamp-triglav.si\/en\/surroundings\/trenta\/","title":{"rendered":"Trenta"},"content":{"rendered":"\n\t<section class=\"section pt-0\" id=\"section_266205406\">\n\t\t<div class=\"section-bg fill\" >\n\t\t\t\t\t\t\t\t\t\n\t\t\t\n\n\t\t<\/div>\n\n\t\t\n\n\t\t<div class=\"section-content relative\">\n\t\t\t\n\n  <div class=\"banner has-hover banner\" id=\"banner-1048265536\">\n          <div class=\"banner-inner fill\">\n        <div class=\"banner-bg fill\" >\n            <img loading=\"lazy\" decoding=\"async\" width=\"4032\" height=\"1675\" src=\"https:\/\/kamp-triglav.si\/wp-content\/uploads\/2025\/01\/zavihek-trenta-1.png\" class=\"bg attachment-original size-original\" alt=\"\" \/>                        <div class=\"overlay\"><\/div>            \n                    <\/div>\n\t\t\n        <div class=\"banner-layers container\">\n            <div class=\"fill banner-link\"><\/div>            \n   <div id=\"text-box-1069016777\" class=\"text-box banner-layer x50 md-x50 lg-x50 y50 md-y50 lg-y50 res-text\">\n                                <div class=\"text-box-content text dark\">\n              \n              <div class=\"text-inner text-center\">\n                  \n              <\/div>\n           <\/div>\n                            \n<style>\n#text-box-1069016777 {\n  width: 60%;\n}\n#text-box-1069016777 .text-box-content {\n  font-size: 100%;\n}\n@media (min-width:550px) {\n  #text-box-1069016777 {\n    width: 60%;\n  }\n}\n<\/style>\n    <\/div>\n \n        <\/div>\n      <\/div>\n\n            \n<style>\n#banner-1048265536 {\n  padding-top: 400px;\n}\n#banner-1048265536 .overlay {\n  background-color: rgba(0, 0, 0, 0.3);\n}\n#banner-1048265536 .banner-bg img {\n  object-position: 76% 68%;\n}\n@media (min-width:550px) {\n  #banner-1048265536 {\n    padding-top: 400px;\n  }\n}\n@media (min-width:850px) {\n  #banner-1048265536 {\n    padding-top: 750px;\n  }\n}\n<\/style>\n  <\/div>\n\n\n\t\t<\/div>\n\n\t\t\n<style>\n#section_266205406 {\n  padding-top: 30px;\n  padding-bottom: 30px;\n}\n<\/style>\n\t<\/section>\n\t\n\n\t<section class=\"section\" id=\"section_1103590459\">\n\t\t<div class=\"section-bg fill\" >\n\t\t\t\t\t\t\t\t\t\n\t\t\t\n\n\t\t<\/div>\n\n\t\t\n\n\t\t<div class=\"section-content relative\">\n\t\t\t\n<div class=\"row row-large align-middle\"  id=\"row-387689976\">\n\n\t<div id=\"col-202110520\" class=\"col pb-0 medium-6 small-12 large-6\"  >\n\t\t\t\t<div class=\"col-inner\"  >\n\t\t\t\n\t\t\t\n<h1 class=\"uppercase h2\">TRENTA<\/h1>\n<p>From the camp, you can access numerous hiking trails (So\u010da Trail, Alpe Adria Trail) and many mountain routes and peaks (Prehodavci, Seven Lakes Valley, Lepo \u0160pi\u010dje, Doli\u010d, Triglav, Kri\u0161ki Podi, Razor, Pihavec, Berebica Plateau, Srebrnjak, and many more). There are plenty of opportunities for an active and unforgettable holiday: cycling through the valley, hiking into remote valleys such as Zadnjica, the Source of the So\u010da River, Zapouden, mountaineering, and alpine climbing.<\/p>\n\t\t<\/div>\n\t\t\t\t\t<\/div>\n\n\t\n\n\t<div id=\"col-835658069\" class=\"col pb-0 medium-6 small-12 large-6\"  >\n\t\t\t\t<div class=\"col-inner\"  >\n\t\t\t\n\t\t\t\n\t<div class=\"img has-hover x md-x lg-x y md-y lg-y\" id=\"image_180239451\">\n\t\t\t\t\t\t\t\t<div class=\"img-inner dark\" >\n\t\t\t<img loading=\"lazy\" decoding=\"async\" width=\"620\" height=\"404\" src=\"https:\/\/kamp-triglav.si\/wp-content\/uploads\/2025\/01\/image-9.png\" class=\"attachment-medium_large size-medium_large\" alt=\"\" srcset=\"https:\/\/kamp-triglav.si\/wp-content\/uploads\/2025\/01\/image-9.png 620w, https:\/\/kamp-triglav.si\/wp-content\/uploads\/2025\/01\/image-9-300x195.png 300w\" sizes=\"auto, (max-width: 620px) 100vw, 620px\" \/>\t\t\t\t\t\t\n\t\t\t\t\t<\/div>\n\t\t\t\t\t\t\t\t\n<style>\n#image_180239451 {\n  width: 100%;\n}\n<\/style>\n\t<\/div>\n\t\n\t\t<\/div>\n\t\t\t\t\t<\/div>\n\n\t\n<\/div>\n\t\t<\/div>\n\n\t\t\n<style>\n#section_1103590459 {\n  padding-top: 30px;\n  padding-bottom: 30px;\n}\n<\/style>\n\t<\/section>\n\t\n\n\t<section class=\"section\" id=\"section_206144856\">\n\t\t<div class=\"section-bg fill\" >\n\t\t\t\t\t\t\t\t\t\n\t\t\t\n\n\t\t<\/div>\n\n\t\t\n\n\t\t<div class=\"section-content relative\">\n\t\t\t\n<div class=\"row row-large align-middle\"  id=\"row-1574381096\">\n\n\t<div id=\"col-904038178\" class=\"col pb-0 medium-6 small-12 large-6\"  >\n\t\t\t\t<div class=\"col-inner\"  >\n\t\t\t\n\t\t\t\n\t<div class=\"img has-hover full-width-image x md-x lg-x y md-y lg-y\" id=\"image_528876981\">\n\t\t\t\t\t\t\t\t<div class=\"img-inner dark\" >\n\t\t\t<img loading=\"lazy\" decoding=\"async\" width=\"674\" height=\"404\" src=\"https:\/\/kamp-triglav.si\/wp-content\/uploads\/2025\/01\/variant-1.png\" class=\"attachment-medium_large size-medium_large\" alt=\"\" srcset=\"https:\/\/kamp-triglav.si\/wp-content\/uploads\/2025\/01\/variant-1.png 674w, https:\/\/kamp-triglav.si\/wp-content\/uploads\/2025\/01\/variant-1-300x180.png 300w\" sizes=\"auto, (max-width: 674px) 100vw, 674px\" \/>\t\t\t\t\t\t\n\t\t\t\t\t<\/div>\n\t\t\t\t\t\t\t\t\n<style>\n#image_528876981 {\n  width: 100%;\n}\n<\/style>\n\t<\/div>\n\t\n\t\t<\/div>\n\t\t\t\t\t<\/div>\n\n\t\n\n\t<div id=\"col-354613788\" class=\"col pb-0 medium-6 small-12 large-6 small-col-first\"  >\n\t\t\t\t<div class=\"col-inner\"  >\n\t\t\t\n\t\t\t\n<h1 class=\"uppercase h2\"><span class=\"font-light\">Tourist<\/span> Offer<\/h1>\n<p>The modern traveler is equipped with plenty of information. Every corner can be found on the internet, along with its description and explanation.\u2028However, a genuine conversation with a tourist information provider is worth much more. Tourist providers, and there are quite a few in the Trenta Valley, are always happy to chat with you.\u2028Even more interesting and up-to-date information can be found at the Triglav National Park Information Center, located in Dom Trenta. Friendly staff will be happy to answer your questions. At the same time, you can visit the INFO center and explore the permanent exhibitions, temporary collections, and museum spaces. Whether it&#8217;s your first time or a return visit, we warmly welcome you.<\/p>\n\t\t<\/div>\n\t\t\t\t\t<\/div>\n\n\t\n<\/div>\n\t\t<\/div>\n\n\t\t\n<style>\n#section_206144856 {\n  padding-top: 0px;\n  padding-bottom: 0px;\n}\n@media (min-width:550px) {\n  #section_206144856 {\n    padding-top: 30px;\n    padding-bottom: 30px;\n  }\n}\n<\/style>\n\t<\/section>\n\t\n\n\t<section class=\"section\" id=\"section_89259058\">\n\t\t<div class=\"section-bg fill\" >\n\t\t\t\t\t\t\t\t\t\n\t\t\t\n\n\t\t<\/div>\n\n\t\t\n\n\t\t<div class=\"section-content relative\">\n\t\t\t\n<div class=\"row\"  id=\"row-1239223290\">\n\n\t<div id=\"col-1344747037\" class=\"col pb-0 medium-10 small-12 large-6\"  >\n\t\t\t\t<div class=\"col-inner\"  >\n\t\t\t\n\t\t\t\n<h2>Attractions<\/h2>\n<p>The Trenta Valley offers many natural wonders and other attractions. You can view the full list of attractions on the website of the local So\u010da &#8211; Trenta Tourist Association.<\/p>\n\t\t<\/div>\n\t\t\t\t\t<\/div>\n\n\t\n<\/div>\n<div class=\"row row-large row-divided\"  id=\"row-312232211\">\n\n\t<div id=\"col-1622571282\" class=\"col medium-4 small-12 large-4\"  >\n\t\t\t\t<div class=\"col-inner\"  >\n\t\t\t\n\t\t\t\n\n\t\t<div class=\"icon-box featured-box icon-box-top text-left\"  >\n\t\t\t\t\t<div class=\"icon-box-img\" style=\"width: 600px\">\n\t\t\t\t<div class=\"icon\">\n\t\t\t\t\t<div class=\"icon-inner\" >\n\t\t\t\t\t\t<img loading=\"lazy\" decoding=\"async\" width=\"300\" height=\"258\" src=\"https:\/\/kamp-triglav.si\/wp-content\/uploads\/2025\/01\/Valley_Soca_River-1-300x258.png\" class=\"attachment-medium size-medium\" alt=\"\" srcset=\"https:\/\/kamp-triglav.si\/wp-content\/uploads\/2025\/01\/Valley_Soca_River-1-300x258.png 300w, https:\/\/kamp-triglav.si\/wp-content\/uploads\/2025\/01\/Valley_Soca_River-1.png 421w\" sizes=\"auto, (max-width: 300px) 100vw, 300px\" \/>\t\t\t\t\t<\/div>\n\t\t\t\t<\/div>\n\t\t\t<\/div>\n\t\t\t\t<div class=\"icon-box-text last-reset\">\n\t\t\t\t\t\t\t\t\t\n<h3>Source of the So\u010da River<\/h3>\n<p>The source of the So\u010da is one of the most beautiful karst springs in our mountains. The waters collected from the area of Jalovec, \u0160ite, Travnik, and Mojstrovka emerge from a cave with an underground lake and flow through a narrow gorge, which soon widens. Due to the steep incline, the So\u010da River has a very dynamic flow. The 20-kilometer-long So\u010da Trail, an educational walking path, also begins at the source of the So\u010da River.<\/p>\n<p><strong>Visiting the So\u010da Source:<br \/><\/strong><span style=\"font-size: 14.4px;\">A 15-minute hike along a marked trail from Ko\u010da pri Izviru So\u010de. The path is well-maintained and secured with pegs and steel cables in the upper section. It is recommended only for visitors with appropriate footwear and is not advised for children or the elderly.<\/span><\/p>\n\t\t<\/div>\n\t<\/div>\n\t\n\t\n\t\t<\/div>\n\t\t\t\t\t<\/div>\n\n\t\n\n\t<div id=\"col-2001564738\" class=\"col medium-4 small-12 large-4\"  >\n\t\t\t\t<div class=\"col-inner\"  >\n\t\t\t\n\t\t\t\n\n\t\t<div class=\"icon-box featured-box icon-box-top text-left\"  >\n\t\t\t\t\t<div class=\"icon-box-img\" style=\"width: 600px\">\n\t\t\t\t<div class=\"icon\">\n\t\t\t\t\t<div class=\"icon-inner\" >\n\t\t\t\t\t\t<img loading=\"lazy\" decoding=\"async\" width=\"300\" height=\"255\" src=\"https:\/\/kamp-triglav.si\/wp-content\/uploads\/2025\/01\/image-3-1-300x255.png\" class=\"attachment-medium size-medium\" alt=\"\" srcset=\"https:\/\/kamp-triglav.si\/wp-content\/uploads\/2025\/01\/image-3-1-300x255.png 300w, https:\/\/kamp-triglav.si\/wp-content\/uploads\/2025\/01\/image-3-1.png 419w\" sizes=\"auto, (max-width: 300px) 100vw, 300px\" \/>\t\t\t\t\t<\/div>\n\t\t\t\t<\/div>\n\t\t\t<\/div>\n\t\t\t\t<div class=\"icon-box-text last-reset\">\n\t\t\t\t\t\t\t\t\t\n<h3>Juliana Alpine Botanical Garden<\/h3>\n<p class=\"znamenitosti-text-margin\">The garden is located 50 meters above the Church of St. Mary, on the slopes of Kukla, at an altitude of 800 meters. It covers an area of 2,572 m\u00b2. Most of the plants in the alpine garden were brought from the Eastern and Western Julian Alps, the Friulian hills, the karst meadows, and the pre-Alpine region, with some also coming from the Karawanks and the Kamnik-Savinja Alps. A special section of the garden is dedicated to non-native species from the Western Alps, the Pyrenees, the Apennines, the Atlas Mountains, and the Caucasus.<br \/>\nThe first gardener was Anton To\u017ebar, whom Bois de Chesne sent for training in Padua. He was assisted in the garden by An\u010dka Kavs. Their work was continued by To\u017ebar\u2019s daughter Marija and her husband Jo\u017ee Zavr\u0161nik, and after his death, by their son Klemen Zavr\u0161nik.<\/p>\n\t\t<\/div>\n\t<\/div>\n\t\n\t\n\t\t<\/div>\n\t\t\t\t\t<\/div>\n\n\t\n\n\t<div id=\"col-845188033\" class=\"col pb-0 medium-4 small-12 large-4\"  >\n\t\t\t\t<div class=\"col-inner\"  >\n\t\t\t\n\t\t\t\n\n\t\t<div class=\"icon-box featured-box icon-box-top text-left\"  >\n\t\t\t\t\t<div class=\"icon-box-img\" style=\"width: 600px\">\n\t\t\t\t<div class=\"icon\">\n\t\t\t\t\t<div class=\"icon-inner\" >\n\t\t\t\t\t\t<img loading=\"lazy\" decoding=\"async\" width=\"300\" height=\"259\" src=\"https:\/\/kamp-triglav.si\/wp-content\/uploads\/2025\/01\/koca_pri_triglavskih_jezerih-300x259.png\" class=\"attachment-medium size-medium\" alt=\"\" srcset=\"https:\/\/kamp-triglav.si\/wp-content\/uploads\/2025\/01\/koca_pri_triglavskih_jezerih-300x259.png 300w, https:\/\/kamp-triglav.si\/wp-content\/uploads\/2025\/01\/koca_pri_triglavskih_jezerih.png 421w\" sizes=\"auto, (max-width: 300px) 100vw, 300px\" \/>\t\t\t\t\t<\/div>\n\t\t\t\t<\/div>\n\t\t\t<\/div>\n\t\t\t\t<div class=\"icon-box-text last-reset\">\n\t\t\t\t\t\t\t\t\t\n<h3>Triglav Seven Lakes<\/h3>\n<p>The Seven Lakes in Triglav National Park are among the most beautiful natural attractions in Slovenia. They are located in a valley between the Bohinj Mountains and the Zelnarica peaks, ranging from 1,300 to 2,000 meters above sea level. These glacial lakes are known for their crystal-clear water and the stunning backdrop of surrounding peaks.<\/p>\n<p>The most famous lakes include \u010crno Jezero (Black Lake), Dvojno Jezero (Double Lake), Rjavo Jezero (Brown Lake), and Zeleno Jezero (Green Lake). The valley is popular among hikers as it leads to Triglav, Slovenia\u2019s highest mountain, offering unforgettable views of the alpine landscape.<\/p>\n\t\t<\/div>\n\t<\/div>\n\t\n\t\n\t\t<\/div>\n\t\t\t\t\t<\/div>\n\n\t\n<\/div>\n\t\t<\/div>\n\n\t\t\n<style>\n#section_89259058 {\n  padding-top: 30px;\n  padding-bottom: 30px;\n}\n<\/style>\n\t<\/section>\n\t\n\n\t<section class=\"section reservation-section\" id=\"section_1141526973\">\n\t\t<div class=\"section-bg fill\" >\n\t\t\t\t\t\t\t\t\t\n\t\t\t\n\n\t\t<\/div>\n\n\t\t\n\n\t\t<div class=\"section-content relative\">\n\t\t\t\n\n<div class=\"row row-small align-equal\"  id=\"row-1866478714\">\n\n\n\t<div id=\"col-1825480417\" class=\"col medium-6 small-12 large-6\"  >\n\t\t\t\t<div class=\"col-inner\"  >\n\t\t\t\n\t\t\t\n\n\t<div class=\"img has-hover mb-0 x md-x lg-x y md-y lg-y\" id=\"image_368467447\">\n\t\t\t\t\t\t\t\t<div class=\"img-inner dark\" >\n\t\t\t<img loading=\"lazy\" decoding=\"async\" width=\"768\" height=\"512\" src=\"https:\/\/kamp-triglav.si\/wp-content\/uploads\/2025\/01\/DSC01688-1-768x512.jpg\" class=\"attachment-medium_large size-medium_large\" alt=\"\" srcset=\"https:\/\/kamp-triglav.si\/wp-content\/uploads\/2025\/01\/DSC01688-1-768x512.jpg 768w, https:\/\/kamp-triglav.si\/wp-content\/uploads\/2025\/01\/DSC01688-1-300x200.jpg 300w, https:\/\/kamp-triglav.si\/wp-content\/uploads\/2025\/01\/DSC01688-1-1024x683.jpg 1024w, https:\/\/kamp-triglav.si\/wp-content\/uploads\/2025\/01\/DSC01688-1-1536x1024.jpg 1536w, https:\/\/kamp-triglav.si\/wp-content\/uploads\/2025\/01\/DSC01688-1-2048x1365.jpg 2048w\" sizes=\"auto, (max-width: 768px) 100vw, 768px\" \/>\t\t\t\t\t\t\n\t\t\t\t\t<\/div>\n\t\t\t\t\t\t\t\t\n<style>\n#image_368467447 {\n  width: 100%;\n}\n<\/style>\n\t<\/div>\n\t\n\n\n\t\t<\/div>\n\t\t\t\t\t<\/div>\n\n\t\n\n\t<div id=\"col-354723286\" class=\"col reservation-column medium-6 small-12 large-6 small-col-first\"  >\n\t\t\t\t<div class=\"col-inner\" style=\"background-color:rgb(244, 244, 244);\" >\n\t\t\t\n\t\t\t\n\n<h2 class=\"h3\">Reserve Now<\/h2>\r\n<p>Experience a unique retreat in nature in the heart of Trenta. Embrace the tranquility of the mountains, enjoy outdoor adventures, and create lasting memories. Secure your spot at our campsite or choose the comfort of an apartment where relaxation and nature await you.<\/p>\n\n\n<a href=\"https:\/\/booking.kamp-triglav.si\/en\/book\" class=\"button secondary\"><span>Book<\/span><\/a>\n\n\n\t\t<\/div>\n\t\t\t\t\n<style>\n#col-354723286 > .col-inner {\n  padding: 5% 5% 5% 5%;\n}\n@media (min-width:550px) {\n  #col-354723286 > .col-inner {\n    padding: 13% 10% 10% 10%;\n  }\n}\n<\/style>\n\t<\/div>\n\n\t\n\n<\/div>\n\n\t\t<\/div>\n\n\t\t\n<style>\n#section_1141526973 {\n  padding-top: 30px;\n  padding-bottom: 30px;\n}\n<\/style>\n\t<\/section>\n\t\n","protected":false},"excerpt":{"rendered":"","protected":false},"author":1,"featured_media":0,"parent":2929,"menu_order":0,"comment_status":"closed","ping_status":"closed","template":"page-templates\/page-trenta.php","meta":{"_acf_changed":false,"footnotes":""},"class_list":["post-2960","page","type-page","status-publish","hentry"],"acf":[],"_links":{"self":[{"href":"https:\/\/kamp-triglav.si\/en\/wp-json\/wp\/v2\/pages\/2960","targetHints":{"allow":["GET"]}}],"collection":[{"href":"https:\/\/kamp-triglav.si\/en\/wp-json\/wp\/v2\/pages"}],"about":[{"href":"https:\/\/kamp-triglav.si\/en\/wp-json\/wp\/v2\/types\/page"}],"author":[{"embeddable":true,"href":"https:\/\/kamp-triglav.si\/en\/wp-json\/wp\/v2\/users\/1"}],"replies":[{"embeddable":true,"href":"https:\/\/kamp-triglav.si\/en\/wp-json\/wp\/v2\/comments?post=2960"}],"version-history":[{"count":2,"href":"https:\/\/kamp-triglav.si\/en\/wp-json\/wp\/v2\/pages\/2960\/revisions"}],"predecessor-version":[{"id":2962,"href":"https:\/\/kamp-triglav.si\/en\/wp-json\/wp\/v2\/pages\/2960\/revisions\/2962"}],"up":[{"embeddable":true,"href":"https:\/\/kamp-triglav.si\/en\/wp-json\/wp\/v2\/pages\/2929"}],"wp:attachment":[{"href":"https:\/\/kamp-triglav.si\/en\/wp-json\/wp\/v2\/media?parent=2960"}],"curies":[{"name":"wp","href":"https:\/\/api.w.org\/{rel}","templated":true}]}}