{"id":2929,"date":"2025-01-15T12:21:29","date_gmt":"2025-01-15T12:21:29","guid":{"rendered":"https:\/\/kamp-triglav.si\/okolica\/"},"modified":"2025-01-31T10:36:23","modified_gmt":"2025-01-31T10:36:23","slug":"surroundings","status":"publish","type":"page","link":"https:\/\/kamp-triglav.si\/en\/surroundings\/","title":{"rendered":"Surroundings"},"content":{"rendered":"\n\t<section class=\"section pt-0\" id=\"section_1663654595\">\n\t\t<div class=\"section-bg fill\" >\n\t\t\t\t\t\t\t\t\t\n\t\t\t\n\n\t\t<\/div>\n\n\t\t\n\n\t\t<div class=\"section-content relative\">\n\t\t\t\n\n  <div class=\"banner has-hover banner\" id=\"banner-745616038\">\n          <div class=\"banner-inner fill\">\n        <div class=\"banner-bg fill\" >\n            <img loading=\"lazy\" decoding=\"async\" width=\"1200\" height=\"532\" src=\"https:\/\/kamp-triglav.si\/wp-content\/uploads\/2025\/01\/sedmera-jezera.png\" class=\"bg attachment-original size-original\" alt=\"\" \/>                        <div class=\"overlay\"><\/div>            \n                    <\/div>\n\t\t\n        <div class=\"banner-layers container\">\n            <div class=\"fill banner-link\"><\/div>            \n   <div id=\"text-box-2114643196\" class=\"text-box banner-layer x50 md-x50 lg-x50 y50 md-y50 lg-y50 res-text\">\n                                <div class=\"text-box-content text dark\">\n              \n              <div class=\"text-inner text-center\">\n                  \n              <\/div>\n           <\/div>\n                            \n<style>\n#text-box-2114643196 {\n  width: 60%;\n}\n#text-box-2114643196 .text-box-content {\n  font-size: 100%;\n}\n@media (min-width:550px) {\n  #text-box-2114643196 {\n    width: 60%;\n  }\n}\n<\/style>\n    <\/div>\n \n        <\/div>\n      <\/div>\n\n            \n<style>\n#banner-745616038 {\n  padding-top: 400px;\n}\n#banner-745616038 .overlay {\n  background-color: rgba(0, 0, 0, 0.3);\n}\n#banner-745616038 .banner-bg img {\n  object-position: 13% 0%;\n}\n@media (min-width:550px) {\n  #banner-745616038 {\n    padding-top: 400px;\n  }\n  #banner-745616038 .overlay {\n    background-color: rgba(0, 0, 0, 0.3);\n  }\n}\n@media (min-width:850px) {\n  #banner-745616038 {\n    padding-top: 750px;\n  }\n}\n<\/style>\n  <\/div>\n\n\n\t\t<\/div>\n\n\t\t\n<style>\n#section_1663654595 {\n  padding-top: 30px;\n  padding-bottom: 30px;\n}\n<\/style>\n\t<\/section>\n\t\n\n\t<section class=\"section\" id=\"section_758551909\">\n\t\t<div class=\"section-bg fill\" >\n\t\t\t\t\t\t\t\t\t\n\t\t\t\n\n\t\t<\/div>\n\n\t\t\n\n\t\t<div class=\"section-content relative\">\n\t\t\t\n<div class=\"row row-large align-middle\"  id=\"row-1453171329\">\n\n\t<div id=\"col-748834863\" class=\"col pb-0 medium-6 small-12 large-6\"  >\n\t\t\t\t<div class=\"col-inner\"  >\n\t\t\t\n\t\t\t\n<h1 class=\"uppercase h2\">SURROUNDINGS<\/h1>\n<p>From the campsite, you can access numerous hiking trails (So\u010da Trail, Alpe Adria Trail) as well as many mountain paths and peaks (Prehodavci, Seven Lakes Valley, Lepo \u0160pi\u010dje, Doli\u010d, Triglav, Kri\u0161ki Podi, Razor, Pihavec, Berebica Plateau, Srebrnjak, and many more). There are plenty of opportunities for an active and unforgettable holiday: cycling through the valley, hiking into remote valleys such as Zadnjica, visiting the source of the So\u010da River, Zapouden, mountaineering, and alpine climbing.<\/p>\n\t\t<\/div>\n\t\t\t\t\t<\/div>\n\n\t\n\n\t<div id=\"col-435817609\" class=\"col pb-0 medium-6 small-12 large-6\"  >\n\t\t\t\t<div class=\"col-inner\"  >\n\t\t\t\n\t\t\t\n\t<div class=\"img has-hover mb-0 x md-x lg-x y md-y lg-y\" id=\"image_1025343859\">\n\t\t\t\t\t\t\t\t<div class=\"img-inner dark\" >\n\t\t\t<img loading=\"lazy\" decoding=\"async\" width=\"674\" height=\"404\" src=\"https:\/\/kamp-triglav.si\/wp-content\/uploads\/2025\/01\/image-2-1.png\" class=\"attachment-medium_large size-medium_large\" alt=\"\" srcset=\"https:\/\/kamp-triglav.si\/wp-content\/uploads\/2025\/01\/image-2-1.png 674w, https:\/\/kamp-triglav.si\/wp-content\/uploads\/2025\/01\/image-2-1-300x180.png 300w\" sizes=\"auto, (max-width: 674px) 100vw, 674px\" \/>\t\t\t\t\t\t\n\t\t\t\t\t<\/div>\n\t\t\t\t\t\t\t\t\n<style>\n#image_1025343859 {\n  width: 100%;\n}\n<\/style>\n\t<\/div>\n\t\n\t\t<\/div>\n\t\t\t\t\t<\/div>\n\n\t\n<\/div>\n<div class=\"row\"  id=\"row-295483782\">\n\n\t<div id=\"col-1055370180\" class=\"col pb-0 small-12 large-12\"  >\n\t\t\t\t<div class=\"col-inner\"  >\n\t\t\t\n\t\t\t\n<div class=\"text-center\"><div class=\"is-divider divider clearfix\" style=\"margin-top:1.5em;margin-bottom:1.5em;max-width:100%;height:1px;background-color:rgb(44, 44, 44);\"><\/div><\/div>\n\t\t<\/div>\n\t\t\t\t\t<\/div>\n\n\t\n<\/div>\n<div class=\"row row-large\"  id=\"row-1027391962\">\n\n\t<div id=\"col-2034063538\" class=\"col pb-0 medium-6 small-12 large-6\"  >\n\t\t\t\t<div class=\"col-inner\"  >\n\t\t\t\n\t\t\t\n\t<div class=\"img has-hover x md-x lg-x y md-y lg-y\" id=\"image_375755593\">\n\t\t\t\t\t\t\t\t<div class=\"img-inner dark\" >\n\t\t\t<img loading=\"lazy\" decoding=\"async\" width=\"674\" height=\"404\" src=\"https:\/\/kamp-triglav.si\/wp-content\/uploads\/2025\/01\/trenta-1.png\" class=\"attachment-medium_large size-medium_large\" alt=\"\" srcset=\"https:\/\/kamp-triglav.si\/wp-content\/uploads\/2025\/01\/trenta-1.png 674w, https:\/\/kamp-triglav.si\/wp-content\/uploads\/2025\/01\/trenta-1-300x180.png 300w\" sizes=\"auto, (max-width: 674px) 100vw, 674px\" \/>\t\t\t\t\t\t\n\t\t\t\t\t<\/div>\n\t\t\t\t\t\t\t\t\n<style>\n#image_375755593 {\n  width: 100%;\n}\n<\/style>\n\t<\/div>\n\t\n<h3>Trenta<\/h3>\n<p>In Trenta, you will find everything that is often missing in your daily life. Take a walk along the So\u010da River, hike along steep trails, observe mountain wildlife, enjoy the alpine meadows, taste local dishes, or spend a pleasant August night under the stars.<\/p>\n<a href=\"\/en\/surroundings\/trenta\/\" class=\"button primary is-outline\" >\n\t\t<span>MORE<\/span>\n\t<\/a>\n\n\t\t<\/div>\n\t\t\t\t\t<\/div>\n\n\t\n\n\t<div id=\"col-156441644\" class=\"col pb-0 medium-6 small-12 large-6\"  >\n\t\t\t\t<div class=\"col-inner\"  >\n\t\t\t\n\t\t\t\n\t<div class=\"img has-hover x md-x lg-x y md-y lg-y\" id=\"image_609463741\">\n\t\t\t\t\t\t\t\t<div class=\"img-inner dark\" >\n\t\t\t<img loading=\"lazy\" decoding=\"async\" width=\"674\" height=\"404\" src=\"https:\/\/kamp-triglav.si\/wp-content\/uploads\/2025\/01\/image-1-1.png\" class=\"attachment-medium_large size-medium_large\" alt=\"\" srcset=\"https:\/\/kamp-triglav.si\/wp-content\/uploads\/2025\/01\/image-1-1.png 674w, https:\/\/kamp-triglav.si\/wp-content\/uploads\/2025\/01\/image-1-1-300x180.png 300w\" sizes=\"auto, (max-width: 674px) 100vw, 674px\" \/>\t\t\t\t\t\t\n\t\t\t\t\t<\/div>\n\t\t\t\t\t\t\t\t\n<style>\n#image_609463741 {\n  width: 100%;\n}\n<\/style>\n\t<\/div>\n\t\n<h3>Triglav National Park<\/h3>\n<p>Triglav National Park is one of the largest national parks in Europe. Among its breathtaking mountain landscapes, Triglav stands out as the highest peak in Slovenia.<\/p>\n<a href=\"\/en\/surroundings\/triglav-national-park\" class=\"button primary is-outline\" >\n\t\t<span>MORE<\/span>\n\t<\/a>\n\n\t\t<\/div>\n\t\t\t\t\t<\/div>\n\n\t\n<\/div>\n<div class=\"row row-collapse\"  id=\"row-1145757937\">\n\n\t<div id=\"col-643089346\" class=\"col small-12 large-12\"  >\n\t\t\t\t<div class=\"col-inner\"  >\n\t\t\t\n\t\t\t\n<div class=\"text-center\"><div class=\"is-divider divider clearfix\" style=\"max-width:100%;height:1px;background-color:rgba(44, 44, 153, 0.184);\"><\/div><\/div>\n\t\t<\/div>\n\t\t\t\t\t<\/div>\n\n\t\n<\/div>\n\t\t<\/div>\n\n\t\t\n<style>\n#section_758551909 {\n  padding-top: 10px;\n  padding-bottom: 10px;\n}\n@media (min-width:550px) {\n  #section_758551909 {\n    padding-top: 30px;\n    padding-bottom: 30px;\n  }\n}\n<\/style>\n\t<\/section>\n\t\n\n\t<section class=\"section\" id=\"section_1815296955\">\n\t\t<div class=\"section-bg fill\" >\n\t\t\t\t\t\t\t\t\t\n\t\t\t\n\n\t\t<\/div>\n\n\t\t\n\n\t\t<div class=\"section-content relative\">\n\t\t\t\n\t<div id=\"text-831491870\" class=\"text pb-half divider\">\n\t\t\n<h1 class=\"uppercase h2\"><span class=\"font-light\">Why<\/span> VISIT CAMP TRIGLAV<\/h1>\n\t\t\n<style>\n#text-831491870 {\n  text-align: center;\n}\n<\/style>\n\t<\/div>\n\t\n<div class=\"row row-large align-center row-divided icon-row\"  id=\"row-1100521336\">\n\n\t<div id=\"col-1241111818\" class=\"col medium-4 small-12 large-4\"  >\n\t\t\t\t<div class=\"col-inner\"  >\n\t\t\t\n\t\t\t\n\n\t\t<div class=\"icon-box featured-box icon-box-top text-left\"  >\n\t\t\t\t<div class=\"icon-box-text last-reset\">\n\t\t\t\t\t\t\t\t\t\n\t<div id=\"text-2802438982\" class=\"text\">\n\t\t\n<p class=\"mb-0\"><span class=\"h3\"><span class=\"h3\">Unmatched Location<\/span><\/p>\n<p>The campsite is located in the stunning Trenta Valley, along the So\u010da River, and surrounded by Triglav National Park. Enjoy breathtaking views of the Julian Alps and numerous hiking and cycling trails.<\/p>\n\t\t\n<style>\n#text-2802438982 {\n  text-align: center;\n}\n@media (min-width:550px) {\n  #text-2802438982 {\n    text-align: left;\n  }\n}\n<\/style>\n\t<\/div>\n\t\n\t\t<\/div>\n\t<\/div>\n\t\n\t\n\t\t<\/div>\n\t\t\t\t\t<\/div>\n\n\t\n\n\t<div id=\"col-1197481601\" class=\"col medium-4 small-12 large-4\"  >\n\t\t\t\t<div class=\"col-inner\"  >\n\t\t\t\n\t\t\t\n\n\t\t<div class=\"icon-box featured-box icon-box-top text-left\"  >\n\t\t\t\t<div class=\"icon-box-text last-reset\">\n\t\t\t\t\t\t\t\t\t\n\t<div id=\"text-1006459315\" class=\"text divider\">\n\t\t\n<p class=\"mb-0\"><span class=\"h3\"><span class=\"h3\">Authentic Connection with Nature<\/span><\/p>\n<p>The campsite offers a relaxing stay in the heart of nature and serves as a perfect starting point for exploring attractions such as Triglav National Park and the So\u010da Gorge. It is also close to mountain trails leading to Triglav and other peaks.<\/p>\n\t\t\n<style>\n#text-1006459315 {\n  text-align: center;\n}\n@media (min-width:550px) {\n  #text-1006459315 {\n    text-align: left;\n  }\n}\n<\/style>\n\t<\/div>\n\t\n\t\t<\/div>\n\t<\/div>\n\t\n\t\n\t\t<\/div>\n\t\t\t\t\t<\/div>\n\n\t\n\n\t<div id=\"col-714126890\" class=\"col medium-4 small-12 large-4\"  >\n\t\t\t\t<div class=\"col-inner\"  >\n\t\t\t\n\t\t\t\n\n\t\t<div class=\"icon-box featured-box icon-box-top text-left\"  >\n\t\t\t\t<div class=\"icon-box-text last-reset\">\n\t\t\t\t\t\t\t\t\t\n\t<div id=\"text-1630602727\" class=\"text divider\">\n\t\t\n<p class=\"mb-0\"><span class=\"h3\"><span class=\"h3\">Stunning Views<\/span><\/p>\n<p>The Trenta Valley is known for its spectacular views, crystal-clear waters, and picturesque mountain peaks, making it an ideal destination for photography enthusiasts and nature observers.<\/p>\n\t\t\n<style>\n#text-1630602727 {\n  text-align: center;\n}\n@media (min-width:550px) {\n  #text-1630602727 {\n    text-align: left;\n  }\n}\n<\/style>\n\t<\/div>\n\t\n\t\t<\/div>\n\t<\/div>\n\t\n\t\n\t\t<\/div>\n\t\t\t\t\t<\/div>\n\n\t\n<\/div>\n\t\t<\/div>\n\n\t\t\n<style>\n#section_1815296955 {\n  padding-top: 30px;\n  padding-bottom: 30px;\n}\n<\/style>\n\t<\/section>\n\t\n\n\t<section class=\"section reservation-section\" id=\"section_440703336\">\n\t\t<div class=\"section-bg fill\" >\n\t\t\t\t\t\t\t\t\t\n\t\t\t\n\n\t\t<\/div>\n\n\t\t\n\n\t\t<div class=\"section-content relative\">\n\t\t\t\n\n<div class=\"row row-small align-equal\"  id=\"row-1548263316\">\n\n\n\t<div id=\"col-943922566\" class=\"col medium-6 small-12 large-6\"  >\n\t\t\t\t<div class=\"col-inner\"  >\n\t\t\t\n\t\t\t\n\n\t<div class=\"img has-hover mb-0 x md-x lg-x y md-y lg-y\" id=\"image_1947161237\">\n\t\t\t\t\t\t\t\t<div class=\"img-inner dark\" >\n\t\t\t<img loading=\"lazy\" decoding=\"async\" width=\"768\" height=\"512\" src=\"https:\/\/kamp-triglav.si\/wp-content\/uploads\/2025\/01\/DSC01688-1-768x512.jpg\" class=\"attachment-medium_large size-medium_large\" alt=\"\" srcset=\"https:\/\/kamp-triglav.si\/wp-content\/uploads\/2025\/01\/DSC01688-1-768x512.jpg 768w, https:\/\/kamp-triglav.si\/wp-content\/uploads\/2025\/01\/DSC01688-1-300x200.jpg 300w, https:\/\/kamp-triglav.si\/wp-content\/uploads\/2025\/01\/DSC01688-1-1024x683.jpg 1024w, https:\/\/kamp-triglav.si\/wp-content\/uploads\/2025\/01\/DSC01688-1-1536x1024.jpg 1536w, https:\/\/kamp-triglav.si\/wp-content\/uploads\/2025\/01\/DSC01688-1-2048x1365.jpg 2048w\" sizes=\"auto, (max-width: 768px) 100vw, 768px\" \/>\t\t\t\t\t\t\n\t\t\t\t\t<\/div>\n\t\t\t\t\t\t\t\t\n<style>\n#image_1947161237 {\n  width: 100%;\n}\n<\/style>\n\t<\/div>\n\t\n\n\n\t\t<\/div>\n\t\t\t\t\t<\/div>\n\n\t\n\n\t<div id=\"col-1462241584\" class=\"col reservation-column medium-6 small-12 large-6 small-col-first\"  >\n\t\t\t\t<div class=\"col-inner\" style=\"background-color:rgb(244, 244, 244);\" >\n\t\t\t\n\t\t\t\n\n<h2 class=\"h3\">Reserve Now<\/h2>\r\n<p>Experience a unique retreat in nature in the heart of Trenta. Embrace the tranquility of the mountains, enjoy outdoor adventures, and create lasting memories. Secure your spot at our campsite or choose the comfort of an apartment where relaxation and nature await you.<\/p>\n\n\n<a href=\"https:\/\/booking.kamp-triglav.si\/en\/book\" class=\"button secondary\"><span>Book<\/span><\/a>\n\n\n\t\t<\/div>\n\t\t\t\t\n<style>\n#col-1462241584 > .col-inner {\n  padding: 5% 5% 5% 5%;\n}\n@media (min-width:550px) {\n  #col-1462241584 > .col-inner {\n    padding: 13% 10% 10% 10%;\n  }\n}\n<\/style>\n\t<\/div>\n\n\t\n\n<\/div>\n\n\t\t<\/div>\n\n\t\t\n<style>\n#section_440703336 {\n  padding-top: 30px;\n  padding-bottom: 30px;\n}\n<\/style>\n\t<\/section>\n\t\n","protected":false},"excerpt":{"rendered":"","protected":false},"author":1,"featured_media":0,"parent":0,"menu_order":0,"comment_status":"closed","ping_status":"closed","template":"page-templates\/page-surroundings.php","meta":{"_acf_changed":false,"footnotes":""},"class_list":["post-2929","page","type-page","status-publish","hentry"],"acf":[],"_links":{"self":[{"href":"https:\/\/kamp-triglav.si\/en\/wp-json\/wp\/v2\/pages\/2929","targetHints":{"allow":["GET"]}}],"collection":[{"href":"https:\/\/kamp-triglav.si\/en\/wp-json\/wp\/v2\/pages"}],"about":[{"href":"https:\/\/kamp-triglav.si\/en\/wp-json\/wp\/v2\/types\/page"}],"author":[{"embeddable":true,"href":"https:\/\/kamp-triglav.si\/en\/wp-json\/wp\/v2\/users\/1"}],"replies":[{"embeddable":true,"href":"https:\/\/kamp-triglav.si\/en\/wp-json\/wp\/v2\/comments?post=2929"}],"version-history":[{"count":7,"href":"https:\/\/kamp-triglav.si\/en\/wp-json\/wp\/v2\/pages\/2929\/revisions"}],"predecessor-version":[{"id":2979,"href":"https:\/\/kamp-triglav.si\/en\/wp-json\/wp\/v2\/pages\/2929\/revisions\/2979"}],"wp:attachment":[{"href":"https:\/\/kamp-triglav.si\/en\/wp-json\/wp\/v2\/media?parent=2929"}],"curies":[{"name":"wp","href":"https:\/\/api.w.org\/{rel}","templated":true}]}}