{"id":2609,"date":"2025-01-20T12:19:02","date_gmt":"2025-01-20T12:19:02","guid":{"rendered":"https:\/\/kamp-triglav.si\/splosni-pogoji-poslovanja\/"},"modified":"2025-02-07T15:19:29","modified_gmt":"2025-02-07T15:19:29","slug":"allgemeine-geschaeftsbedingungen","status":"publish","type":"page","link":"https:\/\/kamp-triglav.si\/de\/allgemeine-geschaeftsbedingungen\/","title":{"rendered":"Allgemeine Gesch\u00e4ftsbedingungen"},"content":{"rendered":"<h1><span style=\"font-weight: 400;\">ALLGEMEINE GESCH\u00c4FTSBEDINGUNGEN CAMP TRIGLAV<\/span><\/h1>\n<h2><span style=\"font-weight: 400;\">1. GRUNDLEGENDEN INFORMATIONEN<\/span><\/h2>\n<p><span style=\"font-weight: 400;\">Die allgemeinen Gesch\u00e4ftsbedingungen der Website und des Buchungssystems des Unternehmens MARIJA KRAVANJA S.P. wurden in \u00dcbereinstimmung mit dem Gesetz zum Schutz der Verbraucher (ZVPot), dem Gesetz zum Schutz personenbezogener Daten (ZVOP-1), dem Gesetz zur steuerlichen Best\u00e4tigung von Rechnungen (ZdavPR) und dem Gesetz \u00fcber elektronische Kommunikation (ZEKom-1) erstellt.<\/span><\/p>\n<p><span style=\"font-weight: 400;\">Die Website <\/span><a href=\"https:\/\/kamp-triglav.si\"><span style=\"font-weight: 400;\">https:\/\/kamp-triglav.si<\/span><\/a><span style=\"font-weight: 400;\"> und das Online-Buchungssystem <\/span><span style=\"font-weight: 400;\">[URL] <\/span><span style=\"font-weight: 400;\">werden von der Firma MARIJA KRAVANJA S.P. betrieben, die auch Anbieter von Unterk\u00fcnften im Camp Triglav (im Folgenden \u201eCamp\u201c) ist.<\/span><\/p>\n<p><strong>Unternehmensdaten:<\/strong><\/p>\n<ul style=\"padding-left: 20px; font-size: 16px;\">\n<li><strong>MARIJA KRAVANJA S.P.<\/strong><\/li>\n<li>Trenta 18A<\/li>\n<li>5232 So\u010da<\/li>\n<li>Slowenien, EU<\/li>\n<li><b>UID-Nummer:<\/b> SI 23828781<\/li>\n<li><b>Mehrwertsteuerpflichtig:<\/b> JA<\/li>\n<li><b>Firmennummer:<\/b> 1425889000<\/li>\n<li><b>Telefon:<\/b> <a href=\"tel:+38631393683\">+386 31 393 683<\/a><\/li>\n<li><b>E-Mail:<\/b> <a href=\"mailto:info@kamp-triglav.si\">info@kamp-triglav.si<\/a><\/li>\n<\/ul>\n<p><span style=\"font-weight: 400;\">Die allgemeinen Gesch\u00e4ftsbedingungen regeln den Betrieb der Website und des Online-Systems zur Buchung (im Folgenden gemeinsam \u201eWebsite des Camps\u201c) von MARIJA KRAVANJA S.P., die Rechte und Pflichten des Nutzers und regeln das Gesch\u00e4ftsverh\u00e4ltnis zwischen dem Anbieter und dem K\u00e4ufer. Der K\u00e4ufer ist an die allgemeinen Gesch\u00e4ftsbedingungen gebunden, die zum Zeitpunkt der Buchung g\u00fcltig sind. Der Nutzer wird bei der Aufgabe einer Bestellung ausdr\u00fccklich auf die allgemeinen Gesch\u00e4ftsbedingungen hingewiesen und best\u00e4tigt mit der Aufgabe der Bestellung seine Kenntnisnahme dieser Bedingungen.<\/span><\/p>\n<p><span style=\"font-weight: 400;\">Mit der Nutzung der Website best\u00e4tigt der Nutzer, dass er alle Bestimmungen dieser allgemeinen Gesch\u00e4ftsbedingungen sowie der Datenschutzrichtlinie und dem Schutz personenbezogener Daten, die auf der Website ver\u00f6ffentlicht sind, versteht, akzeptiert und zustimmt.<\/span><\/p>\n<p><span style=\"font-weight: 400;\">Diese allgemeinen Gesch\u00e4ftsbedingungen sowie die Datenschutzrichtlinie k\u00f6nnen jederzeit ohne vorherige Ank\u00fcndigung ge\u00e4ndert oder erg\u00e4nzt werden. Mit der Nutzung der Website nach einer \u00c4nderung dieser Richtlinie best\u00e4tigt der Nutzer seine Zustimmung zu den \u00c4nderungen.<\/span><\/p>\n<p><b>Verwendung der Website<\/b><\/p>\n<p><span style=\"font-weight: 400;\">Die Nutzung der Website des Camps unterliegt diesen Nutzungsbedingungen sowie den geltenden Vorschriften der Republik Slowenien in diesem Bereich.<\/span><\/p>\n<p><span style=\"font-weight: 400;\">Mit der Nutzung der Website erkl\u00e4rt sich jeder Nutzer:<\/span><\/p>\n<ul>\n<li style=\"font-weight: 400;\" aria-level=\"1\"><span style=\"font-weight: 400;\">Ausdr\u00fccklich mit den allgemeinen Nutzungsbedingungen einverstanden zu sein;<\/span><\/li>\n<li style=\"font-weight: 400;\" aria-level=\"1\"><span style=\"font-weight: 400;\">Sich zu verpflichten, die Website auf legale Weise zu nutzen;<\/span><\/li>\n<li style=\"font-weight: 400;\" aria-level=\"1\"><span style=\"font-weight: 400;\">Sich zu verpflichten, den Dienst nicht zum Ver\u00f6ffentlichen oder Bewerben von Inhalten und\/oder Werbung zu nutzen, die gegen geltendes Recht sowie die \u00f6ffentliche Ordnung und Moral versto\u00dfen;<\/span><\/li>\n<li style=\"font-weight: 400;\" aria-level=\"1\"><span style=\"font-weight: 400;\">Verantwortlich zu sein, sich mit den geltenden Vorschriften der Republik Slowenien vertraut zu machen und diese zu beachten, die die Nutzung der Website des Camps betreffen;<\/span><\/li>\n<li style=\"font-weight: 400;\" aria-level=\"1\"><span style=\"font-weight: 400;\">Keine urheberrechtlich gesch\u00fctzten Inhalte oder Inhalte, die im Besitz einer anderen nat\u00fcrlichen oder juristischen Person sind, zu verbreiten;<\/span><\/li>\n<li style=\"font-weight: 400;\" aria-level=\"1\"><span style=\"font-weight: 400;\">Keine Versuche zu unternehmen, personenbezogene Daten anderer Nutzer zu sammeln oder zu speichern;<\/span><\/li>\n<li style=\"font-weight: 400;\" aria-level=\"1\"><span style=\"font-weight: 400;\">Keine Inhalte der Website des Camps in ihrer Gesamtheit oder in Teilen zu kopieren, zu speichern oder weiterzugeben, keine Computerprogramme, schadhafte Software oder andere Mittel zu verwenden, die den Dienst, den Dienstanbieter oder die Software- und Hardwareausstattung beeintr\u00e4chtigen, deaktivieren oder sch\u00e4digen k\u00f6nnten.<\/span><\/li>\n<\/ul>\n<p><b>Verf\u00fcgbarkeit von Informationen<\/b><\/p>\n<p><span style=\"font-weight: 400;\">Die Firma MARIJA KRAVANJA S.P. verpflichtet sich, dem K\u00e4ufer stets die folgenden Informationen zur Verf\u00fcgung zu stellen:<\/span><\/p>\n<ul>\n<li style=\"font-weight: 400;\" aria-level=\"1\"><span style=\"font-weight: 400;\">Die Identit\u00e4t des Unternehmens (Name und Sitz des Unternehmens, Handels- und Steuernummer);<\/span><\/li>\n<li style=\"font-weight: 400;\" aria-level=\"1\"><span style=\"font-weight: 400;\">Kontaktdaten, die eine schnelle und effiziente Kommunikation mit dem Nutzer erm\u00f6glichen (E-Mail, Telefon);<\/span><\/li>\n<li style=\"font-weight: 400;\" aria-level=\"1\"><span style=\"font-weight: 400;\">Die wesentlichen Merkmale der Unterkunftsarten;<\/span><\/li>\n<li style=\"font-weight: 400;\" aria-level=\"1\"><span style=\"font-weight: 400;\">Die Verf\u00fcgbarkeit zus\u00e4tzlicher Dienstleistungen;<\/span><\/li>\n<li style=\"font-weight: 400;\" aria-level=\"1\"><span style=\"font-weight: 400;\">Bedingungen f\u00fcr den Erwerb zus\u00e4tzlicher Dienstleistungen oder Produkte (Art, Ort und Zeitpunkt der \u00dcbergabe);<\/span><\/li>\n<\/ul>\n<h2><span style=\"font-weight: 400;\">2. \u00d6FFNUNGSZEITEN DES CAMPS UND DER REZEPTION<\/span><\/h2>\n<p><span style=\"font-weight: 400;\">Camp Triglav und die Unterk\u00fcnfte im Camp sind ganzj\u00e4hrig ge\u00f6ffnet, wobei dies je nach Unterkunftsart variiert:<\/span><\/p>\n<p><span style=\"font-weight: 400;\">Die Rezeptionszeiten unterscheiden sich zwischen Hoch- und Nebensaison:<\/span><\/p>\n<ul>\n<li style=\"font-weight: 400;\" aria-level=\"1\"><span style=\"font-weight: 400;\">In der Hochsaison (Juni, Juli und August) ist die Rezeption des Camps von 8:00 bis 21:00 Uhr ge\u00f6ffnet.<\/span><\/li>\n<li style=\"font-weight: 400;\" aria-level=\"1\"><span style=\"font-weight: 400;\">In der Nebensaison (M\u00e4rz, April, Mai, Oktober und November) ist die Rezeption des Camps von 8:00 bis 20:00 Uhr und dann von 15:00 bis 20:00 Uhr ge\u00f6ffnet.<\/span><\/li>\n<\/ul>\n<p><span style=\"font-weight: 400;\">Das Camp beh\u00e4lt sich das Recht vor, die Rezeptionszeiten zu \u00e4ndern. \u00c4nderungen der \u00d6ffnungszeiten werden auf der Website und\/oder an der Rezeption ver\u00f6ffentlicht.<\/span><\/p>\n<h2><span style=\"font-weight: 400;\">3. RESERVIERUNGEN UND ZAHLUNGEN<\/span><\/h2>\n<p><span style=\"font-weight: 400;\">Im Camp Triglav (im Folgenden \u201eCamp\u201c) k\u00f6nnen Sie bis 17:00 Uhr nur mit einer vorher get\u00e4tigten Reservierung einchecken. Die Reservierung erfolgt \u00fcber die Website kamp-triglav.si. Falls Sie keine best\u00e4tigte Reservierung haben, k\u00f6nnen Sie einen freien Platz im Camp nach 17:00 Uhr nur dann sichern, wenn noch freie Pl\u00e4tze verf\u00fcgbar sind.<\/span><\/p>\n<p><span style=\"font-weight: 400;\">Die Reservierung \u00fcber die Website ist kostenlos. Die Kurtaxe ist nicht im Preis der Unterkunft enthalten und betr\u00e4gt 2 EUR pro Erwachsenem und 1 EUR pro Kind von 7 bis 14 Jahren pro \u00dcbernachtung in den Unterkunftseinrichtungen des Camps.<\/span><\/p>\n<p><span style=\"font-weight: 400;\">Das Camp beh\u00e4lt sich das Recht vor, f\u00fcr den Aufenthalt eine Mindestzahl von \u00dcbernachtungen festzulegen. Dies wird auf der Website ver\u00f6ffentlicht, auf der Sie die Reservierung vornehmen k\u00f6nnen. <\/p>\n<p><span style=\"font-weight: 400;\">Die Reservierung der Unterkunft im Camp und deren Stornierung sind kostenlos.<\/span><\/p>\n<p><span style=\"font-weight: 400;\">Falls Sie die Reservierung im Camp stornieren, muss die Stornierung so schnell wie m\u00f6glich erfolgen, sp\u00e4testens jedoch bei der Anmeldung im Camp. Die Stornierung der Reservierung erfolgt \u00fcber das Online-Reservierungssystem, entweder bei der \u00dcberpr\u00fcfung Ihrer Reservierung oder durch Klicken auf den Button \u201eStornieren\u201c in der erhaltenen E-Mail, die Sie bei der urspr\u00fcnglichen Reservierung und der Best\u00e4tigung der Reservierung durch das Camp erhalten haben. Die Stornierung der Reservierung im Camp ist kostenlos. Wenn Sie bereits im Camp eingecheckt haben und dann fr\u00fcher abreisen m\u00f6chten, werden Ihnen 50 % des Preises f\u00fcr die verbleibenden gebuchten \u00dcbernachtungen berechnet.<\/span><\/p>\n<p><span style=\"font-weight: 400;\">Wenn Sie eine Reservierung in anderen Unterkunftseinheiten im Camp (Apartments, Glamping) stornieren, wird die Anzahlung, die Sie bei der Reservierung leisten (und die den Preis f\u00fcr 1 \u00dcbernachtung betr\u00e4gt), nicht zur\u00fcckerstattet.<\/span><\/p>\n<p><span style=\"font-weight: 400;\">Weitere \u00c4nderungen der Reservierung (Anzahl der G\u00e4ste, Haustiere, Fahrzeuge, Zeitraum) k\u00f6nnen Sie im Online-Reservierungssystem vornehmen, indem Sie auf den Link klicken, den Sie per E-Mail bei der Best\u00e4tigung Ihrer urspr\u00fcnglichen Reservierung erhalten.<\/span><\/p>\n<h2><span style=\"font-weight: 400;\">4. ZAHLUNG<\/span><\/h2>\n<p><span style=\"font-weight: 400;\">Die Zahlung f\u00fcr die \u00dcbernachtungen und alle weiteren Kosten, die im Folgenden beschrieben werden, erfolgt bei der Abmeldung. Das Camp erm\u00f6glicht die Zahlung in bar oder mit Kreditkarte.<\/span><\/p>\n<h2><span style=\"font-weight: 400;\">5. ANMELDUNG<\/span><\/h2>\n<p><span style=\"font-weight: 400;\">Die Anmeldung kann auf zwei Arten erfolgen, n\u00e4mlich als schnelle Anmeldung oder als normale Anmeldung.<\/span><\/p>\n<h3><span style=\"font-weight: 400;\">a. SCHNELLE ANMELDUNG<\/span><\/h3>\n<p><span style=\"font-weight: 400;\">Nachdem Ihre Reservierung vom Camp best\u00e4tigt wurde, haben Sie die M\u00f6glichkeit, eine schnelle Anmeldung vorzunehmen. Das Ziel der schnellen Anmeldung ist es, die Wartezeit an der Rezeption zu verk\u00fcrzen. Nachdem Sie sich schnell angemeldet haben, sind Sie in unserem System erfasst und bei Ihrer Ankunft im Camp m\u00fcssen Sie sich lediglich an der Rezeption melden, wo wir Ihre Ankunft endg\u00fcltig best\u00e4tigen.<\/span><\/p>\n<h3><span style=\"font-weight: 400;\">b. NORMALE ANMELDUNG<\/span><\/h3>\n<p><span style=\"font-weight: 400;\">Bei der Anmeldung m\u00fcssen Sie dem Rezeptionisten g\u00fcltige Ausweisdokumente (Personalausweis oder Reisepass) f\u00fcr alle Personen, einschlie\u00dflich Kinder, vorlegen. Auch Haustiere m\u00fcssen bei der Anmeldung gemeldet werden.<\/span><\/p>\n<p><span style=\"font-weight: 400;\">Falls Sie Ihren Aufenthalt im Camp verl\u00e4ngern m\u00f6chten, m\u00fcssen Sie dies rechtzeitig an der Rezeption mitteilen.<\/span><\/p>\n<p><span style=\"font-weight: 400;\">G\u00e4ste, die sich bereits schnell angemeldet haben, m\u00fcssen sich ebenfalls an der Rezeption melden.<\/span><\/p>\n<h2><span style=\"font-weight: 400;\">6. ABMELDUNG<\/span><\/h2>\n<p><span style=\"font-weight: 400;\">Am Abreisetag m\u00fcssen Sie sich aus dem Camp abmelden und alle Verpflichtungen begleichen. Die Uhrzeit, bis zu der Sie sich abmelden m\u00fcssen, variiert je nach Art der Unterkunft:<\/span><\/p>\n<ul>\n<li style=\"font-weight: 400;\" aria-level=\"1\"><span style=\"font-weight: 400;\">Vom Camp m\u00fcssen Sie sich bis 11:00 Uhr abmelden.<\/span><\/li>\n<li style=\"font-weight: 400;\" aria-level=\"1\"><span style=\"font-weight: 400;\">Von anderen Unterk\u00fcnften m\u00fcssen Sie sich bis 10:00 Uhr abmelden.<\/span><\/li>\n<\/ul>\n<h2><span style=\"font-weight: 400;\">7. HAUSTIERE<\/span><\/h2>\n<p><span style=\"font-weight: 400;\">Das Camp erlaubt Haustiere, jedoch gelten die nachfolgend aufgef\u00fchrten Bestimmungen f\u00fcr die Unterbringung. In jedem Fall m\u00fcssen alle Haustiere gemeldet werden. Falls sie nicht \u00fcber die Anwendung gemeldet werden k\u00f6nnen, mit der Sie die Reservierung vorgenommen haben, m\u00fcssen Sie den Rezeptionisten bei der Anmeldung \u00fcber die Haustiere informieren.<\/span><\/p>\n<h3><span style=\"font-weight: 400;\">a. HUNDE<\/span><\/h3>\n<p><span style=\"font-weight: 400;\">Alle Hunde im Camp m\u00fcssen an der Leine gef\u00fchrt werden. Es gibt ein speziell vorgesehenes Hundegebiet, in dem die Hunde ihre Bed\u00fcrfnisse verrichten k\u00f6nnen. Hundehalter m\u00fcssen den Hundekot mit einer bereitgestellten T\u00fcte aufnehmen und in die entsprechenden Abfallbeh\u00e4lter werfen.<\/span><\/p>\n<p><span style=\"font-weight: 400;\">Im Camp ist nur ein Hund pro Reservierung erlaubt. Auch die Gesamtzahl der Hunde im Camp an einem bestimmten Tag ist begrenzt. Die Gesamtzahl der Hunde im Camp an einem bestimmten Tag kann dazu f\u00fchren, dass Ihre Reservierung abgelehnt wird.<\/span><\/p>\n<h1><span style=\"font-weight: 400;\">8. UNTERK\u00dcNFTE<\/span><\/h1>\n<p><span style=\"font-weight: 400;\">Im Camp gibt es verschiedene Unterkunftsarten, n\u00e4mlich:<\/span><\/p>\n<ul>\n<li style=\"font-weight: 400;\" aria-level=\"1\"><span style=\"font-weight: 400;\">Campingpl\u00e4tze<\/span><\/li>\n<li style=\"font-weight: 400;\" aria-level=\"1\"><span style=\"font-weight: 400;\">Apartments;<\/span><\/li>\n<li style=\"font-weight: 400;\" aria-level=\"1\"><span style=\"font-weight: 400;\">Glamping-Bungalows;<\/span><\/li>\n<\/ul>\n<p><span style=\"font-weight: 400;\">Wenn Sie in einem Apartment oder Bungalow \u00fcbernachten m\u00f6chten, ist eine vorherige Reservierung des jeweiligen Apartments oder Bungalows erforderlich. Wenn Sie auf einem Campingplatz \u00fcbernachten m\u00f6chten, ist ebenfalls eine vorherige Reservierung erforderlich, aber Sie k\u00f6nnen den Platz bei Ihrer Ankunft im Camp ausw\u00e4hlen.<\/span><\/p>\n<p><span style=\"font-weight: 400;\">Alle Einschr\u00e4nkungen verschiedener Unterk\u00fcnfte (wie z. B. die Anzahl der G\u00e4ste pro Unterkunft, Rauchverbot in Innenr\u00e4umen, Einschr\u00e4nkungen bez\u00fcglich Haustieren usw.) und Spezifikationen der einzelnen Apartments und Bungalows sind auf der Website des Camps ver\u00f6ffentlicht.<\/span><\/p>\n<p><span style=\"font-weight: 400;\">Das Entz\u00fcnden von offenem Feuer auf dem Camp-Gel\u00e4nde (au\u00dferhalb des vorgesehenen Feuerplatzes) ist nicht gestattet.<\/span><\/p>\n<p><span style=\"font-weight: 400;\">Das Camp beh\u00e4lt sich das Recht vor, eine Mindestzahl an \u00dcbernachtungstagen festzulegen, die je nach Saison und Art der Unterkunft variieren kann.<\/span><\/p>\n<p><span style=\"font-weight: 400;\">In allen unseren Unterk\u00fcnften und \u00f6ffentlichen Innenr\u00e4umen ist das Rauchen nicht gestattet. Da das gesamte Camp jedoch stark brandgef\u00e4hrdet ist, muss beim Rauchen auf den Au\u00dfenfl\u00e4chen besonders darauf geachtet werden, dass Zigaretten oder Zigarren ordnungsgem\u00e4\u00df gel\u00f6scht werden.<\/span><\/p>\n<h1><span style=\"font-weight: 400;\">9. WI-FI<\/span><\/h1>\n<p><span style=\"font-weight: 400;\">Wi-Fi-Verbindung, die im gesamten Camp verf\u00fcgbar ist, ist kostenlos.<\/span><\/p>\n<h1><span style=\"font-weight: 400;\">10. KINDERSPIELPL\u00c4TZE UND ZUS\u00c4TZLICHE AKTIVIT\u00c4TEN<\/span><\/h1>\n<p><span style=\"font-weight: 400;\">Alle Aktivit\u00e4ten, die von G\u00e4sten auf dem Gel\u00e4nde des Camps oder in der N\u00e4he durchgef\u00fchrt werden, erfolgen auf eigene Verantwortung.<\/span><\/p>\n<h1><span style=\"font-weight: 400;\">11. ABREISE VOM CAMP<\/span><\/h1>\n<p><span style=\"font-weight: 400;\">Am Abreisetag m\u00fcssen Sie sich bis sp\u00e4testens 11:00 Uhr vom Camp abmelden und alle Verpflichtungen begleichen.<\/span><\/p>\n<p><span style=\"font-weight: 400;\">Abmeldung aus anderen Unterk\u00fcnften erfolgt bis 10:00 Uhr.<\/span><\/p>\n<p><span style=\"font-weight: 400;\">Beim Verlassen des Camps muss der Stellplatz in den urspr\u00fcnglichen Zustand zur\u00fcckversetzt werden. Das Graben von zus\u00e4tzlichen Gr\u00e4ben, das Waschen von Autos und\/oder Anh\u00e4ngern auf dem Stellplatz ist nicht gestattet.<\/span><\/p>\n<p><span style=\"font-weight: 400;\">Beim Verlassen m\u00fcssen alle Abf\u00e4lle in die daf\u00fcr vorgesehenen Abfallbeh\u00e4lter entsorgt werden.<\/span><\/p>\n<h1><span style=\"font-weight: 400;\">12. ABF\u00c4LLE<\/span><\/h1>\n<p><span style=\"font-weight: 400;\">Im Camp ist die M\u00fclltrennung in speziell daf\u00fcr vorgesehenen Abfallbeh\u00e4ltern obligatorisch.<\/span><\/p>\n<h1><span style=\"font-weight: 400;\">13. NACHTRUHE<\/span><\/h1>\n<p><span style=\"font-weight: 400;\">Im Camp muss von 22:00 Uhr bis 6:00 Uhr Ruhe und Stille gew\u00e4hrleistet sein.<\/span><\/p>\n<h2><span style=\"font-weight: 400;\">14. VERSICHERUNG UND HAFTUNG<\/span><\/h2>\n<p><span style=\"font-weight: 400;\">Das Camp \u00fcbernimmt keine Haftung f\u00fcr Diebst\u00e4hle, Unf\u00e4lle oder andere Sch\u00e4den an Personen oder Gegenst\u00e4nden. Das Camp \u00fcbernimmt keine Haftung f\u00fcr Sch\u00e4den, die durch Unwetter, Feuer oder h\u00f6here Gewalt verursacht werden.<\/span><\/p>\n<p><span style=\"font-weight: 400;\">Der Gast ist verantwortlich f\u00fcr Sch\u00e4den, die w\u00e4hrend seines Aufenthalts verursacht werden, sowie f\u00fcr alle fehlenden Gegenst\u00e4nde beim Verlassen des Camps.<\/span><\/p>\n<h1><span style=\"font-weight: 400;\">15. DATENSCHUTZ<\/span><\/h1>\n<p><span style=\"font-weight: 400;\">Der Schutz personenbezogener Daten ist in der Datenschutzerkl\u00e4rung und der Cookie-Richtlinie geregelt, die auf der Website des Camps ver\u00f6ffentlicht sind.<\/span><\/p>\n<h1><span style=\"font-weight: 400;\">16. BEFOLGUNG DER LOKALEN VORSCHRIFTEN<\/span><\/h1>\n<p><span style=\"font-weight: 400;\">G\u00e4ste sind verantwortlich f\u00fcr das Kennen und Befolgen der Gesetze und Vorschriften des Zielorts.<\/span><\/p>\n<p><span style=\"font-weight: 400;\">Die Allgemeinen Gesch\u00e4ftsbedingungen gelten ab dem Ver\u00f6ffentlichungsdatum, dem 28. Januar 2025.<\/span><\/p>\n","protected":false},"excerpt":{"rendered":"<p>ALLGEMEINE GESCH\u00c4FTSBEDINGUNGEN CAMP TRIGLAV 1. GRUNDLEGENDEN INFORMATIONEN Die allgemeinen Gesch\u00e4ftsbedingungen der Website und des Buchungssystems des Unternehmens MARIJA KRAVANJA S.P. wurden in \u00dcbereinstimmung mit dem Gesetz zum Schutz der Verbraucher (ZVPot), dem Gesetz zum Schutz personenbezogener Daten (ZVOP-1), dem Gesetz zur steuerlichen Best\u00e4tigung von Rechnungen (ZdavPR) und dem Gesetz \u00fcber elektronische Kommunikation (ZEKom-1) erstellt. Die [&#8230;]\n","protected":false},"author":1,"featured_media":0,"parent":0,"menu_order":0,"comment_status":"closed","ping_status":"closed","template":"","meta":{"_acf_changed":false,"footnotes":""},"class_list":["post-2609","page","type-page","status-publish","hentry"],"acf":[],"_links":{"self":[{"href":"https:\/\/kamp-triglav.si\/de\/wp-json\/wp\/v2\/pages\/2609","targetHints":{"allow":["GET"]}}],"collection":[{"href":"https:\/\/kamp-triglav.si\/de\/wp-json\/wp\/v2\/pages"}],"about":[{"href":"https:\/\/kamp-triglav.si\/de\/wp-json\/wp\/v2\/types\/page"}],"author":[{"embeddable":true,"href":"https:\/\/kamp-triglav.si\/de\/wp-json\/wp\/v2\/users\/1"}],"replies":[{"embeddable":true,"href":"https:\/\/kamp-triglav.si\/de\/wp-json\/wp\/v2\/comments?post=2609"}],"version-history":[{"count":2,"href":"https:\/\/kamp-triglav.si\/de\/wp-json\/wp\/v2\/pages\/2609\/revisions"}],"predecessor-version":[{"id":3157,"href":"https:\/\/kamp-triglav.si\/de\/wp-json\/wp\/v2\/pages\/2609\/revisions\/3157"}],"wp:attachment":[{"href":"https:\/\/kamp-triglav.si\/de\/wp-json\/wp\/v2\/media?parent=2609"}],"curies":[{"name":"wp","href":"https:\/\/api.w.org\/{rel}","templated":true}]}}